{"id":9,"date":"2025-02-24T22:39:33","date_gmt":"2025-02-24T22:39:33","guid":{"rendered":"https:\/\/acceleration.dk\/?page_id=9"},"modified":"2025-03-01T22:25:06","modified_gmt":"2025-03-01T22:25:06","slug":"forside","status":"publish","type":"page","link":"https:\/\/acceleration.dk\/","title":{"rendered":"Forside"},"content":{"rendered":"\n<p><\/p>\n\n\n<div class=\"aligncenter wp-block-site-logo\"><img decoding=\"async\" width=\"300\" height=\"66\" src=\"https:\/\/acceleration.dk\/wp-content\/uploads\/2025\/02\/Acceleration_logo.png\" class=\"custom-logo\" alt=\"Acceleration.dk\" srcset=\"https:\/\/acceleration.dk\/wp-content\/uploads\/2025\/02\/Acceleration_logo.png 800w, https:\/\/acceleration.dk\/wp-content\/uploads\/2025\/02\/Acceleration_logo-300x67.png 300w, https:\/\/acceleration.dk\/wp-content\/uploads\/2025\/02\/Acceleration_logo-768x171.png 768w\" sizes=\"(max-width: 300px) 100vw, 300px\" \/><\/div>\n\n\n<div class=\"wp-block-group alignfull has-global-padding is-layout-constrained wp-block-group-is-layout-constrained\" style=\"margin-top:0;margin-bottom:0;padding-top:var(--wp--preset--spacing--50);padding-bottom:var(--wp--preset--spacing--50)\">\n<div class=\"wp-block-columns alignwide is-layout-flex wp-container-core-columns-is-layout-1 wp-block-columns-is-layout-flex\">\n<div class=\"wp-block-column is-vertically-aligned-center is-layout-flow wp-block-column-is-layout-flow\">\n<h2 class=\"wp-block-heading has-xx-large-font-size\">Acceleration \u2013 Fart p\u00e5 v\u00e6kst uden bullshit<\/h2>\n\n\n\n<p class=\"has-medium-font-size\">Succes handler ikke om at arbejde h\u00e5rdere \u2013 men om at arbejde smartere. Acceleration er bogen til dig, der vil skabe hurtig v\u00e6kst i din forretning uden at drukne i komplekse strategier og tomme buzzwords.<\/p>\n\n\n\n<p class=\"has-medium-font-size\">Her f\u00e5r du de vigtigste principper, taktikker og frameworks, der rent faktisk virker. Uanset om du driver en startup, e-commerce eller konsulentforretning, l\u00e6rer du at optimere din indsats, prioritere det rigtige og eksekvere i h\u00f8j fart.<\/p>\n\n\n\n<p class=\"has-medium-font-size\">Drop g\u00e6tv\u00e6rket. Skru op for momentum. Og s\u00e6t din v\u00e6kst p\u00e5 autopilot.<\/p>\n<\/div>\n\n\n\n<div class=\"wp-block-column is-vertically-aligned-center is-layout-flow wp-block-column-is-layout-flow\">\n<figure class=\"wp-block-image size-full\"><img fetchpriority=\"high\" decoding=\"async\" width=\"928\" height=\"1232\" src=\"https:\/\/acceleration.dk\/wp-content\/uploads\/2025\/03\/Acceleration.png\" alt=\"\" class=\"wp-image-21\" style=\"aspect-ratio:1;object-fit:contain\" srcset=\"https:\/\/acceleration.dk\/wp-content\/uploads\/2025\/03\/Acceleration.png 928w, https:\/\/acceleration.dk\/wp-content\/uploads\/2025\/03\/Acceleration-226x300.png 226w, https:\/\/acceleration.dk\/wp-content\/uploads\/2025\/03\/Acceleration-771x1024.png 771w, https:\/\/acceleration.dk\/wp-content\/uploads\/2025\/03\/Acceleration-768x1020.png 768w\" sizes=\"(max-width: 928px) 100vw, 928px\" \/><\/figure>\n<\/div>\n<\/div>\n<\/div>\n\n\n\n<div class=\"wp-block-group alignfull has-global-padding is-layout-constrained wp-block-group-is-layout-constrained\" style=\"margin-top:0;margin-bottom:0\">\n<div class=\"wp-block-group alignwide is-layout-flow wp-container-core-group-is-layout-4 wp-block-group-is-layout-flow\" style=\"padding-top:var(--wp--preset--spacing--50);padding-bottom:var(--wp--preset--spacing--50)\">\n<h2 class=\"wp-block-heading has-x-large-font-size\">Sp\u00f8rgsm\u00e5l?<\/h2>\n\n\n\n<div class=\"wp-block-columns is-layout-flex wp-container-core-columns-is-layout-2 wp-block-columns-is-layout-flex\">\n<div class=\"wp-block-column is-layout-flow wp-block-column-is-layout-flow\">\n<div class=\"wp-block-group is-layout-flow wp-block-group-is-layout-flow\" style=\"border-top-color:var(--wp--preset--color--accent-6);border-top-width:1px;padding-top:var(--wp--preset--spacing--30);padding-bottom:var(--wp--preset--spacing--30)\">\n<p>S\u00e5 udfyld kontaktformularen her: <\/p>\n\n\n\n<p><\/p>\n<\/div>\n<\/div>\n\n\n\n<div class=\"wp-block-column is-layout-flow wp-block-column-is-layout-flow\">\n<div class=\"wp-block-group is-layout-flow wp-block-group-is-layout-flow\" style=\"border-top-color:var(--wp--preset--color--accent-6);border-top-width:1px;padding-top:var(--wp--preset--spacing--30);padding-bottom:var(--wp--preset--spacing--30)\">\n<div class=\"wpcf7 no-js\" id=\"wpcf7-f17-o1\" lang=\"en\" dir=\"ltr\" data-wpcf7-id=\"17\">\n<div class=\"screen-reader-response\"><p role=\"status\" aria-live=\"polite\" aria-atomic=\"true\"><\/p> <ul><\/ul><\/div>\n<form action=\"\/index.php?rest_route=%2Fwp%2Fv2%2Fpages%2F9#wpcf7-f17-o1\" method=\"post\" class=\"wpcf7-form init\" aria-label=\"Contact form\" novalidate=\"novalidate\" data-status=\"init\">\n<div style=\"display: none;\">\n<input type=\"hidden\" name=\"_wpcf7\" value=\"17\" \/>\n<input type=\"hidden\" name=\"_wpcf7_version\" value=\"6.0.4\" \/>\n<input type=\"hidden\" name=\"_wpcf7_locale\" value=\"en\" \/>\n<input type=\"hidden\" name=\"_wpcf7_unit_tag\" value=\"wpcf7-f17-o1\" \/>\n<input type=\"hidden\" name=\"_wpcf7_container_post\" value=\"0\" \/>\n<input type=\"hidden\" name=\"_wpcf7_posted_data_hash\" value=\"\" \/>\n<\/div>\n<p><label> Your name<br \/>\n<span class=\"wpcf7-form-control-wrap\" data-name=\"your-name\"><input size=\"40\" maxlength=\"400\" class=\"wpcf7-form-control wpcf7-text wpcf7-validates-as-required\" autocomplete=\"name\" aria-required=\"true\" aria-invalid=\"false\" value=\"\" type=\"text\" name=\"your-name\" \/><\/span> <\/label>\n<\/p>\n<p><label> Your email<br \/>\n<span class=\"wpcf7-form-control-wrap\" data-name=\"your-email\"><input size=\"40\" maxlength=\"400\" class=\"wpcf7-form-control wpcf7-email wpcf7-validates-as-required wpcf7-text wpcf7-validates-as-email\" autocomplete=\"email\" aria-required=\"true\" aria-invalid=\"false\" value=\"\" type=\"email\" name=\"your-email\" \/><\/span> <\/label>\n<\/p>\n<p><label> Subject<br \/>\n<span class=\"wpcf7-form-control-wrap\" data-name=\"your-subject\"><input size=\"40\" maxlength=\"400\" class=\"wpcf7-form-control wpcf7-text wpcf7-validates-as-required\" aria-required=\"true\" aria-invalid=\"false\" value=\"\" type=\"text\" name=\"your-subject\" \/><\/span> <\/label>\n<\/p>\n<p><label> Your message (optional)<br \/>\n<span class=\"wpcf7-form-control-wrap\" data-name=\"your-message\"><textarea cols=\"40\" rows=\"10\" maxlength=\"2000\" class=\"wpcf7-form-control wpcf7-textarea\" aria-invalid=\"false\" name=\"your-message\"><\/textarea><\/span> <\/label>\n<\/p>\n<p><input class=\"wpcf7-form-control wpcf7-submit has-spinner\" type=\"submit\" value=\"Submit\" \/>\n<\/p><div class=\"wpcf7-response-output\" aria-hidden=\"true\"><\/div>\n<\/form>\n<\/div>\n\n<\/div>\n<\/div>\n<\/div>\n<\/div>\n\n\n\n<p class=\"has-text-align-center\">Copyright 2025<\/p>\n<\/div>\n","protected":false},"excerpt":{"rendered":"<p>Acceleration \u2013 Fart p\u00e5 v\u00e6kst uden bullshit Succes handler ikke om at arbejde h\u00e5rdere \u2013 men om at arbejde smartere. Acceleration er bogen til dig, der vil skabe hurtig v\u00e6kst i din forretning uden at drukne i komplekse strategier og tomme buzzwords. Her f\u00e5r du de vigtigste principper, taktikker og frameworks, der rent faktisk virker. [&hellip;]<\/p>\n","protected":false},"author":1,"featured_media":0,"parent":0,"menu_order":0,"comment_status":"closed","ping_status":"closed","template":"","meta":{"footnotes":""},"class_list":["post-9","page","type-page","status-publish","hentry"],"_links":{"self":[{"href":"https:\/\/acceleration.dk\/index.php?rest_route=\/wp\/v2\/pages\/9","targetHints":{"allow":["GET"]}}],"collection":[{"href":"https:\/\/acceleration.dk\/index.php?rest_route=\/wp\/v2\/pages"}],"about":[{"href":"https:\/\/acceleration.dk\/index.php?rest_route=\/wp\/v2\/types\/page"}],"author":[{"embeddable":true,"href":"https:\/\/acceleration.dk\/index.php?rest_route=\/wp\/v2\/users\/1"}],"replies":[{"embeddable":true,"href":"https:\/\/acceleration.dk\/index.php?rest_route=%2Fwp%2Fv2%2Fcomments&post=9"}],"version-history":[{"count":5,"href":"https:\/\/acceleration.dk\/index.php?rest_route=\/wp\/v2\/pages\/9\/revisions"}],"predecessor-version":[{"id":22,"href":"https:\/\/acceleration.dk\/index.php?rest_route=\/wp\/v2\/pages\/9\/revisions\/22"}],"wp:attachment":[{"href":"https:\/\/acceleration.dk\/index.php?rest_route=%2Fwp%2Fv2%2Fmedia&parent=9"}],"curies":[{"name":"wp","href":"https:\/\/api.w.org\/{rel}","templated":true}]}}